{"id":2312,"date":"2023-01-18T10:50:04","date_gmt":"2023-01-18T09:50:04","guid":{"rendered":"http:\/\/regions.chantierecole.org\/bfc\/?page_id=2312"},"modified":"2025-08-22T09:17:32","modified_gmt":"2025-08-22T07:17:32","slug":"interview-vivien-hurson-dargaud","status":"publish","type":"page","link":"https:\/\/regions.chantierecole.org\/bfc\/interview-vivien-hurson-dargaud\/","title":{"rendered":"Interview du D\u00e9l\u00e9gu\u00e9 R\u00e9gional"},"content":{"rendered":"<h1><strong>Interview du D\u00e9l\u00e9gu\u00e9 R\u00e9gional de CHANTIER \u00e9cole BFC<\/strong><\/h1>\n<p><span class=\"break-words tvm-parent-container\"><span dir=\"ltr\"><a id=\"ember2290\" class=\"ember-view\" href=\"https:\/\/www.linkedin.com\/in\/vivien-hurson-dargaud\/\">Vivien HURSON-DARGAUD<\/a> a donn\u00e9 une interview au <a id=\"ember2291\" class=\"ember-view\" href=\"https:\/\/decideur.media\/decideur-05\/\">Magazine D\u00e9cideur<\/a>, o\u00f9 il a pu mettre en lumi\u00e8re l&rsquo;engagement de notre D\u00e9l\u00e9gation R\u00e9gionale en faveur de l&rsquo;Insertion par l\u2019Activit\u00e9 \u00c9conomique et les Ateliers Chantiers d&rsquo;Insertion en Bourgogne-Franche-Comt\u00e9. Il a pu mettre en lumi\u00e8re le r\u00f4le essentiel de nos Entreprises Sociales Apprenantes dans le d\u00e9veloppement \u00e9conomique et social sur les territoires.\u00a0Cela \u00e9t\u00e9 l&rsquo;occasion de revenir sur l&rsquo;importance de la mesure d&rsquo;impact\u00a0 et la mani\u00e8re dont les entreprises peuvent s\u2019en emparer pour renforcer leur utilit\u00e9 sociale et maximiser leurs retomb\u00e9es positives.<br \/>\n<\/span><\/span><\/p>\n<p>&nbsp;<\/p>\n<p><a href=\"http:\/\/regions.chantierecole.org\/bfc\/wp-content\/uploads\/sites\/11\/2024\/04\/PDF-122x150.png\"><img loading=\"lazy\" decoding=\"async\" class=\"alignnone wp-image-2540\" src=\"http:\/\/regions.chantierecole.org\/bfc\/wp-content\/uploads\/sites\/11\/2024\/04\/PDF-122x150.png\" alt=\"\" width=\"98\" height=\"120\" \/><\/a><\/p>\n<p><a href=\"https:\/\/www.calameo.com\/read\/006753852555260531949\">Article<\/a><\/p>\n<p>&nbsp;<\/p>\n<p>&nbsp;<\/p>\n<p>&nbsp;<\/p>\n","protected":false},"excerpt":{"rendered":"<p>Interview du D\u00e9l\u00e9gu\u00e9 R\u00e9gional de CHANTIER \u00e9cole BFC Vivien HURSON-DARGAUD a donn\u00e9 une interview au Magazine D\u00e9cideur, o\u00f9 il a pu mettre en lumi\u00e8re l&rsquo;engagement de notre D\u00e9l\u00e9gation R\u00e9gionale en faveur de l&rsquo;Insertion par l\u2019Activit\u00e9 \u00c9conomique et les Ateliers Chantiers d&rsquo;Insertion en Bourgogne-Franche-Comt\u00e9. Il a pu mettre en lumi\u00e8re le \u2026 <a class=\"continue-reading-link\" href=\"https:\/\/regions.chantierecole.org\/bfc\/interview-vivien-hurson-dargaud\/\">Lire la suite&#8230; <span class=\"meta-nav\">&rarr; <\/span><\/a><\/p>\n","protected":false},"author":14,"featured_media":0,"parent":0,"menu_order":0,"comment_status":"closed","ping_status":"closed","template":"","meta":{"footnotes":""},"class_list":["post-2312","page","type-page","status-publish","hentry"],"_links":{"self":[{"href":"https:\/\/regions.chantierecole.org\/bfc\/wp-json\/wp\/v2\/pages\/2312","targetHints":{"allow":["GET"]}}],"collection":[{"href":"https:\/\/regions.chantierecole.org\/bfc\/wp-json\/wp\/v2\/pages"}],"about":[{"href":"https:\/\/regions.chantierecole.org\/bfc\/wp-json\/wp\/v2\/types\/page"}],"author":[{"embeddable":true,"href":"https:\/\/regions.chantierecole.org\/bfc\/wp-json\/wp\/v2\/users\/14"}],"replies":[{"embeddable":true,"href":"https:\/\/regions.chantierecole.org\/bfc\/wp-json\/wp\/v2\/comments?post=2312"}],"version-history":[{"count":19,"href":"https:\/\/regions.chantierecole.org\/bfc\/wp-json\/wp\/v2\/pages\/2312\/revisions"}],"predecessor-version":[{"id":2638,"href":"https:\/\/regions.chantierecole.org\/bfc\/wp-json\/wp\/v2\/pages\/2312\/revisions\/2638"}],"wp:attachment":[{"href":"https:\/\/regions.chantierecole.org\/bfc\/wp-json\/wp\/v2\/media?parent=2312"}],"curies":[{"name":"wp","href":"https:\/\/api.w.org\/{rel}","templated":true}]}}