{"id":1549,"date":"2021-06-24T16:13:58","date_gmt":"2021-06-24T14:13:58","guid":{"rendered":"http:\/\/regions.chantierecole.org\/bfc\/?page_id=1549"},"modified":"2021-06-24T16:15:38","modified_gmt":"2021-06-24T14:15:38","slug":"a-la-rencontre-des-cip-en-formation","status":"publish","type":"page","link":"https:\/\/regions.chantierecole.org\/bfc\/a-la-rencontre-des-cip-en-formation\/","title":{"rendered":"A la rencontre des CIP en formation"},"content":{"rendered":"<h1 style=\"text-align: center\">A la rencontre des CIP en formation<\/h1>\n<p>&nbsp;<\/p>\n<h4>Cette ann\u00e9e, CHANTIER \u00e9cole porte une attention toute particuli\u00e8re aux Conseillers en Insertion professionnelle en devenir. A l\u2019issue de leur formation, les ASP\/CIP vont d\u00e9couvrir des secteurs de l\u2019Economie Sociale et Solidaires relativement diff\u00e9rent (Mission Locale, PLIE, R\u00e9f\u00e9rent RSA, dispositif de l\u2019IAE, etc.) et des environnements de travail singuliers et pour la plupart en pleine restructuration.<\/h4>\n<h4>CHANTIER \u00e9cole BFC et la F\u00e9d\u00e9ration des Entreprises d\u2019Insertion (FEI) souhaitent ainsi accompagner les futurs CIP de Bourgogne-Franche-Comt\u00e9 pour cr\u00e9er un espace d\u2019\u00e9changes, faire conna\u00eetre les r\u00e9seaux respectifs et anticiper les besoins en ressources humaines par une gestion pr\u00e9visionnelle des emplois et des comp\u00e9tences en lien avec les Organismes de Formations.<\/h4>\n<h4>Deux rencontres sont pr\u00e9vues cette ann\u00e9e sur la m\u00e9tropole dijonnaise, au sein de deux organismes de formation. L\u2019un \u00e0 l\u2019Afpa et l\u2019autre aupr\u00e8s d\u2019Accord Majeur. Ces interventions, en visio, ont pour objectif\u00a0de :<\/h4>\n<ul>\n<li>\n<h4>Construire un espace d\u2019\u00e9changes entre futurs professionnels<\/h4>\n<\/li>\n<li>\n<h4>Faire conna\u00eetre les r\u00e9seaux respectifs et l\u2019outillage aux organismes de formation (OF proposant la formation CIP) et aux futurs CIP.<\/h4>\n<\/li>\n<li>\n<h4>Anticiper les besoins en ressources humaines des structures en cr\u00e9ant un lien entre OF et futurs CIP.<\/h4>\n<\/li>\n<\/ul>\n<h4>Si vous souhaitez avoir des informations compl\u00e9mentaires concernant ces rencontres, n\u2019h\u00e9sitez pas \u00e0 nous contacter\u00a0:<\/h4>\n<h4 style=\"text-align: center\"><em>contact.bourgogne-franche-comte@chantierecole.org<\/em><\/h4>\n","protected":false},"excerpt":{"rendered":"<p>A la rencontre des CIP en formation &nbsp; Cette ann\u00e9e, CHANTIER \u00e9cole porte une attention toute particuli\u00e8re aux Conseillers en Insertion professionnelle en devenir. A l\u2019issue de leur formation, les ASP\/CIP vont d\u00e9couvrir des secteurs de l\u2019Economie Sociale et Solidaires relativement diff\u00e9rent (Mission Locale, PLIE, R\u00e9f\u00e9rent RSA, dispositif de l\u2019IAE, \u2026 <a class=\"continue-reading-link\" href=\"https:\/\/regions.chantierecole.org\/bfc\/a-la-rencontre-des-cip-en-formation\/\">Lire la suite&#8230; <span class=\"meta-nav\">&rarr; <\/span><\/a><\/p>\n","protected":false},"author":14,"featured_media":0,"parent":0,"menu_order":0,"comment_status":"closed","ping_status":"closed","template":"","meta":{"footnotes":""},"class_list":["post-1549","page","type-page","status-publish","hentry"],"_links":{"self":[{"href":"https:\/\/regions.chantierecole.org\/bfc\/wp-json\/wp\/v2\/pages\/1549","targetHints":{"allow":["GET"]}}],"collection":[{"href":"https:\/\/regions.chantierecole.org\/bfc\/wp-json\/wp\/v2\/pages"}],"about":[{"href":"https:\/\/regions.chantierecole.org\/bfc\/wp-json\/wp\/v2\/types\/page"}],"author":[{"embeddable":true,"href":"https:\/\/regions.chantierecole.org\/bfc\/wp-json\/wp\/v2\/users\/14"}],"replies":[{"embeddable":true,"href":"https:\/\/regions.chantierecole.org\/bfc\/wp-json\/wp\/v2\/comments?post=1549"}],"version-history":[{"count":3,"href":"https:\/\/regions.chantierecole.org\/bfc\/wp-json\/wp\/v2\/pages\/1549\/revisions"}],"predecessor-version":[{"id":1553,"href":"https:\/\/regions.chantierecole.org\/bfc\/wp-json\/wp\/v2\/pages\/1549\/revisions\/1553"}],"wp:attachment":[{"href":"https:\/\/regions.chantierecole.org\/bfc\/wp-json\/wp\/v2\/media?parent=1549"}],"curies":[{"name":"wp","href":"https:\/\/api.w.org\/{rel}","templated":true}]}}